{"id":62864,"date":"2022-05-04T20:35:15","date_gmt":"2022-05-04T20:35:15","guid":{"rendered":"https:\/\/santafevalores.com\/?page_id=62864"},"modified":"2022-05-04T20:35:15","modified_gmt":"2022-05-04T20:35:15","slug":"blog-2","status":"publish","type":"page","link":"https:\/\/www.santafevalores.com\/index.php\/blog-2\/","title":{"rendered":"BLOG"},"content":{"rendered":"\t\t<div data-elementor-type=\"wp-page\" data-elementor-id=\"62864\" class=\"elementor elementor-62864\" data-elementor-post-type=\"page\">\n\t\t\t\t\t\t<section class=\"elementor-section elementor-top-section elementor-element elementor-element-43b9f7a elementor-section-boxed elementor-section-height-default elementor-section-height-default\" data-id=\"43b9f7a\" data-element_type=\"section\" data-e-type=\"section\">\n\t\t\t\t\t\t<div class=\"elementor-container elementor-column-gap-no\">\n\t\t\t\t\t<div class=\"elementor-column elementor-col-100 elementor-top-column elementor-element elementor-element-60a452f\" data-id=\"60a452f\" data-element_type=\"column\" data-e-type=\"column\">\n\t\t\t<div class=\"elementor-widget-wrap elementor-element-populated\">\n\t\t\t\t\t\t<div class=\"elementor-element elementor-element-ce4b9bd elementor-widget elementor-widget-the7_elements\" data-id=\"ce4b9bd\" data-element_type=\"widget\" data-e-type=\"widget\" data-widget_type=\"the7_elements.default\">\n\t\t\t\t<div class=\"elementor-widget-container\">\n\t\t\t\t\t<div class=\"portfolio-shortcode the7-elementor-widget the7_elements-ce4b9bd mode-grid dt-css-grid-wrap classic-layout-list description-under-image content-bg-on enable-bg-rollover resize-by-browser-width widget-with-filter loading-effect-none\" data-padding=\"40px\" data-mobile-columns-num=\"1\" data-tablet-columns-num=\"2\" data-desktop-columns-num=\"3\" data-wide-desktop-columns-num=\"3\" data-post-limit=\"-1\" data-pagination-mode=\"standard\" data-scroll-offset=\"\"><div class=\"iso-filter filter-decorations without-isotope css-grid-filter extras-off filter filter-pointer-default show-filter-categories   filter-underline-decoration\"><div class=\"filter-categories\" data-default-order=\"\" data-default-orderby=\"\"><a href=\"https:\/\/www.santafevalores.com\/index.php\/blog-2\/\" class=\"show-all filter-item act\" data-filter=\"*\" aria-label=\"Apply filter: View all\">View all<\/a><a href=\"https:\/\/www.santafevalores.com\/index.php\/blog-2\/?term=business\" class=\"filter-item business\" data-filter=\".category-24\" aria-label=\"Apply filter: Business\">Business<\/a><a href=\"https:\/\/www.santafevalores.com\/index.php\/blog-2\/?term=company\" class=\"filter-item company\" data-filter=\".category-25\" aria-label=\"Apply filter: Company\">Company<\/a><a href=\"https:\/\/www.santafevalores.com\/index.php\/blog-2\/?term=sin-categoria\" class=\"filter-item sin-categoria\" data-filter=\".category-4\" aria-label=\"Apply filter: Sin categor\u00eda\">Sin categor\u00eda<\/a><a href=\"https:\/\/www.santafevalores.com\/index.php\/blog-2\/?term=technology\" class=\"filter-item technology\" data-filter=\".category-26\" aria-label=\"Apply filter: Technology\">Technology<\/a><a href=\"https:\/\/www.santafevalores.com\/index.php\/blog-2\/?term=uncategorized\" class=\"filter-item uncategorized\" data-filter=\".category-1\" aria-label=\"Apply filter: Uncategorized\">Uncategorized<\/a><\/div><\/div><div class=\"dt-css-grid custom-pagination-handler\"><div class=\"visible wf-cell category-1\" data-post-id=\"70205\" data-date=\"2024-04-11T13:23:45-05:00\" data-name=\"Convocatoria a Junta General Ordinaria de Accionistas de Corporaci\u00f3n FavoritaC.A.\"><article class=\"post visible post-70205 type-post status-publish format-standard has-post-thumbnail hentry category-uncategorized\" data-name=\"Convocatoria a Junta General Ordinaria de Accionistas de Corporaci\u00f3n FavoritaC.A.\" data-date=\"2024-04-11T13:23:45-05:00\">\n\n<div class=\"post-entry-content\">\n\n\t<h3 class=\"ele-entry-title\"><a href=\"https:\/\/www.santafevalores.com\/index.php\/2024\/04\/11\/sfv20240411uno\/\" rel=\"bookmark\" title=\"Convocatoria a Junta General Ordinaria de Accionistas de Corporaci\u00f3n FavoritaC.A.\">Convocatoria a Junta General Ordinaria de Accionistas de Corporaci\u00f3n FavoritaC.A.<\/a><\/h3><div class=\"entry-meta\"><a href=\"https:\/\/www.santafevalores.com\/index.php\/2024\/04\/11\/\" title=\"1:23 pm\" class=\"meta-item data-link\" rel=\"bookmark\"><time class=\"entry-date updated\" datetime=\"2024-04-11T13:23:45-05:00\">11 abril, 2024<\/time><\/a><\/div><div class=\"entry-excerpt\"><p>De conformidad con el Estatuto Social de la empresa y la normativapertinente, convoco a los se\u00f1ores accionistas de la compa\u00f1\u00edaCORPORACI\u00d3N FAVORITA C. A., a la Junta General Ordinaria que serealizar\u00e1&hellip;<\/p>\n<\/div><a href=\"https:\/\/www.santafevalores.com\/index.php\/2024\/04\/11\/sfv20240411uno\/\" target=\"\" aria-label=\"Read more about Convocatoria a Junta General Ordinaria de Accionistas de Corporaci\u00f3n FavoritaC.A.\" class=\"box-button elementor-button elementor-size-xs\">Leer m\u00e1s<\/a>\n<\/div><\/article><\/div><div class=\"visible wf-cell category-1\" data-post-id=\"70115\" data-date=\"2024-04-04T15:29:49-05:00\" data-name=\"El club de los US$100.000 millones: qui\u00e9nes son las 14 personas con las fortunas m\u00e1s gigantescas del mundo\"><article class=\"post visible post-70115 type-post status-publish format-standard has-post-thumbnail hentry category-uncategorized\" data-name=\"El club de los US$100.000 millones: qui\u00e9nes son las 14 personas con las fortunas m\u00e1s gigantescas del mundo\" data-date=\"2024-04-04T15:29:49-05:00\">\n\n<div class=\"post-entry-content\">\n\n\t<h3 class=\"ele-entry-title\"><a href=\"https:\/\/www.santafevalores.com\/index.php\/2024\/04\/04\/sfv20240404dos\/\" rel=\"bookmark\" title=\"El club de los US$100.000 millones: qui\u00e9nes son las 14 personas con las fortunas m\u00e1s gigantescas del mundo\">El club de los US$100.000 millones: qui\u00e9nes son las 14 personas con las fortunas m\u00e1s gigantescas del mundo<\/a><\/h3><div class=\"entry-meta\"><a href=\"https:\/\/www.santafevalores.com\/index.php\/2024\/04\/04\/\" title=\"3:29 pm\" class=\"meta-item data-link\" rel=\"bookmark\"><time class=\"entry-date updated\" datetime=\"2024-04-04T15:29:49-05:00\">4 abril, 2024<\/time><\/a><\/div><div class=\"entry-excerpt\"><p>En la lista Forbes del a\u00f1o pasado solo eran seis los magnates que hab\u00edan batido el r\u00e9cord de tener una fortuna superior a los US$100.000 millones. La novedad es que&hellip;<\/p>\n<\/div><a href=\"https:\/\/www.santafevalores.com\/index.php\/2024\/04\/04\/sfv20240404dos\/\" target=\"\" aria-label=\"Read more about El club de los US$100.000 millones: qui\u00e9nes son las 14 personas con las fortunas m\u00e1s gigantescas del mundo\" class=\"box-button elementor-button elementor-size-xs\">Leer m\u00e1s<\/a>\n<\/div><\/article><\/div><div class=\"visible wf-cell category-1\" data-post-id=\"70107\" data-date=\"2024-04-04T13:14:15-05:00\" data-name=\"Starbucks llegar\u00e1 a Ecuador en medio de su agresivo plan de expansi\u00f3n\"><article class=\"post visible post-70107 type-post status-publish format-standard has-post-thumbnail hentry category-uncategorized\" data-name=\"Starbucks llegar\u00e1 a Ecuador en medio de su agresivo plan de expansi\u00f3n\" data-date=\"2024-04-04T13:14:15-05:00\">\n\n<div class=\"post-entry-content\">\n\n\t<h3 class=\"ele-entry-title\"><a href=\"https:\/\/www.santafevalores.com\/index.php\/2024\/04\/04\/sfv20200404uno\/\" rel=\"bookmark\" title=\"Starbucks llegar\u00e1 a Ecuador en medio de su agresivo plan de expansi\u00f3n\">Starbucks llegar\u00e1 a Ecuador en medio de su agresivo plan de expansi\u00f3n<\/a><\/h3><div class=\"entry-meta\"><a href=\"https:\/\/www.santafevalores.com\/index.php\/2024\/04\/04\/\" title=\"1:14 pm\" class=\"meta-item data-link\" rel=\"bookmark\"><time class=\"entry-date updated\" datetime=\"2024-04-04T13:14:15-05:00\">4 abril, 2024<\/time><\/a><\/div><div class=\"entry-excerpt\"><p>Bloomberg L\u00ednea \u2014 La marca estadounidense de tiendas de caf\u00e9, Starbucks Corp. (SBUX), anunci\u00f3 a trav\u00e9s de sus redes sociales que pronto aterrizar\u00e1 en \u201cla mitad del planeta\u201d. \u201cEcuador, esp\u00e9ranos\u201d,&hellip;<\/p>\n<\/div><a href=\"https:\/\/www.santafevalores.com\/index.php\/2024\/04\/04\/sfv20200404uno\/\" target=\"\" aria-label=\"Read more about Starbucks llegar\u00e1 a Ecuador en medio de su agresivo plan de expansi\u00f3n\" class=\"box-button elementor-button elementor-size-xs\">Leer m\u00e1s<\/a>\n<\/div><\/article><\/div><div class=\"visible wf-cell category-1\" data-post-id=\"69875\" data-date=\"2024-02-22T15:44:05-05:00\" data-name=\"Comunicado Biess Febrero 2024\"><article class=\"post visible post-69875 type-post status-publish format-standard has-post-thumbnail hentry category-uncategorized\" data-name=\"Comunicado Biess Febrero 2024\" data-date=\"2024-02-22T15:44:05-05:00\">\n\n<div class=\"post-entry-content\">\n\n\t<h3 class=\"ele-entry-title\"><a href=\"https:\/\/www.santafevalores.com\/index.php\/2024\/02\/22\/sfv20240222uno\/\" rel=\"bookmark\" title=\"Comunicado Biess Febrero 2024\">Comunicado Biess Febrero 2024<\/a><\/h3><div class=\"entry-meta\"><a href=\"https:\/\/www.santafevalores.com\/index.php\/2024\/02\/22\/\" title=\"3:44 pm\" class=\"meta-item data-link\" rel=\"bookmark\"><time class=\"entry-date updated\" datetime=\"2024-02-22T15:44:05-05:00\">22 febrero, 2024<\/time><\/a><\/div><a href=\"https:\/\/www.santafevalores.com\/index.php\/2024\/02\/22\/sfv20240222uno\/\" target=\"\" aria-label=\"Read more about Comunicado Biess Febrero 2024\" class=\"box-button elementor-button elementor-size-xs\">Leer m\u00e1s<\/a>\n<\/div><\/article><\/div><div class=\"visible wf-cell category-1\" data-post-id=\"69865\" data-date=\"2024-02-20T15:40:44-05:00\" data-name=\"\u00a0Resoluciones de Junta General de Accionistas\"><article class=\"post visible post-69865 type-post status-publish format-standard has-post-thumbnail hentry category-uncategorized\" data-name=\"\u00a0Resoluciones de Junta General de Accionistas\" data-date=\"2024-02-20T15:40:44-05:00\">\n\n<div class=\"post-entry-content\">\n\n\t<h3 class=\"ele-entry-title\"><a href=\"https:\/\/www.santafevalores.com\/index.php\/2024\/02\/20\/sfv20240220tres\/\" rel=\"bookmark\" title=\"\u00a0Resoluciones de Junta General de Accionistas\">\u00a0Resoluciones de Junta General de Accionistas<\/a><\/h3><div class=\"entry-meta\"><a href=\"https:\/\/www.santafevalores.com\/index.php\/2024\/02\/20\/\" title=\"3:40 pm\" class=\"meta-item data-link\" rel=\"bookmark\"><time class=\"entry-date updated\" datetime=\"2024-02-20T15:40:44-05:00\">20 febrero, 2024<\/time><\/a><\/div><div class=\"entry-excerpt\"><p>Banco Guayaquil S.A. nos ha comunicado lo siguiente: \u201cRESOLUCIONES ADOPTADAS POR LA JUNTA GENERAL ORDINARIA DE ACCIONISTAS DEL BANCO GUAYAQUIL S. A. REALIZADA EL JUEVES 15 DE FEBRERO DE 2024&hellip;<\/p>\n<\/div><a href=\"https:\/\/www.santafevalores.com\/index.php\/2024\/02\/20\/sfv20240220tres\/\" target=\"\" aria-label=\"Read more about \u00a0Resoluciones de Junta General de Accionistas\" class=\"box-button elementor-button elementor-size-xs\">Leer m\u00e1s<\/a>\n<\/div><\/article><\/div><div class=\"visible wf-cell category-1\" data-post-id=\"69848\" data-date=\"2024-02-19T17:14:15-05:00\" data-name=\"\u00bfPor qu\u00e9 es Crucial contar con Asesoramiento Profesional en Finanzas para tu Empresa?\"><article class=\"post visible post-69848 type-post status-publish format-standard has-post-thumbnail hentry category-uncategorized\" data-name=\"\u00bfPor qu\u00e9 es Crucial contar con Asesoramiento Profesional en Finanzas para tu Empresa?\" data-date=\"2024-02-19T17:14:15-05:00\">\n\n<div class=\"post-entry-content\">\n\n\t<h3 class=\"ele-entry-title\"><a href=\"https:\/\/www.santafevalores.com\/index.php\/2024\/02\/19\/sfv20240219tres\/\" rel=\"bookmark\" title=\"\u00bfPor qu\u00e9 es Crucial contar con Asesoramiento Profesional en Finanzas para tu Empresa?\">\u00bfPor qu\u00e9 es Crucial contar con Asesoramiento Profesional en Finanzas para tu Empresa?<\/a><\/h3><div class=\"entry-meta\"><a href=\"https:\/\/www.santafevalores.com\/index.php\/2024\/02\/19\/\" title=\"5:14 pm\" class=\"meta-item data-link\" rel=\"bookmark\"><time class=\"entry-date updated\" datetime=\"2024-02-19T17:14:15-05:00\">19 febrero, 2024<\/time><\/a><\/div><div class=\"entry-excerpt\"><p>En el complejo mundo de las finanzas empresariales, la toma de decisiones informada es fundamental para el \u00e9xito a largo plazo. Por eso, hoy queremos destacar la importancia de contar&hellip;<\/p>\n<\/div><a href=\"https:\/\/www.santafevalores.com\/index.php\/2024\/02\/19\/sfv20240219tres\/\" target=\"\" aria-label=\"Read more about \u00bfPor qu\u00e9 es Crucial contar con Asesoramiento Profesional en Finanzas para tu Empresa?\" class=\"box-button elementor-button elementor-size-xs\">Leer m\u00e1s<\/a>\n<\/div><\/article><\/div><\/div><!-- iso-container|iso-grid --><div class=\"paginator filter-decorations filter-pointer-underline filter-animation-fade\" role=\"navigation\"><a href=\"https:\/\/www.santafevalores.com\/index.php\/wp-json\/wp\/v2\/pages\/62864\/\" class=\"page-numbers filter-item act\" data-page-num=\"1\">1<\/a><a href=\"https:\/\/www.santafevalores.com\/index.php\/wp-json\/wp\/v2\/pages\/62864\/page\/2\/\" class=\"page-numbers filter-item \" data-page-num=\"2\">2<\/a><a href=\"https:\/\/www.santafevalores.com\/index.php\/wp-json\/wp\/v2\/pages\/62864\/page\/3\/\" class=\"page-numbers filter-item \" data-page-num=\"3\">3<\/a><a href=\"https:\/\/www.santafevalores.com\/index.php\/wp-json\/wp\/v2\/pages\/62864\/page\/4\/\" class=\"page-numbers filter-item \" data-page-num=\"4\">4<\/a><a href=\"https:\/\/www.santafevalores.com\/index.php\/wp-json\/wp\/v2\/pages\/62864\/page\/5\/\" class=\"page-numbers filter-item \" data-page-num=\"5\">5<\/a><a href=\"javascript:void(0);\" class=\"dots\">&#8230;<\/a><div style=\"display: none;\"><a href=\"https:\/\/www.santafevalores.com\/index.php\/wp-json\/wp\/v2\/pages\/62864\/page\/6\/\" class=\"page-numbers filter-item \" data-page-num=\"6\">6<\/a><a href=\"https:\/\/www.santafevalores.com\/index.php\/wp-json\/wp\/v2\/pages\/62864\/page\/7\/\" class=\"page-numbers filter-item \" data-page-num=\"7\">7<\/a><a href=\"https:\/\/www.santafevalores.com\/index.php\/wp-json\/wp\/v2\/pages\/62864\/page\/8\/\" class=\"page-numbers filter-item \" data-page-num=\"8\">8<\/a><a href=\"https:\/\/www.santafevalores.com\/index.php\/wp-json\/wp\/v2\/pages\/62864\/page\/9\/\" class=\"page-numbers filter-item \" data-page-num=\"9\">9<\/a><a href=\"https:\/\/www.santafevalores.com\/index.php\/wp-json\/wp\/v2\/pages\/62864\/page\/10\/\" class=\"page-numbers filter-item \" data-page-num=\"10\">10<\/a><a href=\"https:\/\/www.santafevalores.com\/index.php\/wp-json\/wp\/v2\/pages\/62864\/page\/11\/\" class=\"page-numbers filter-item \" data-page-num=\"11\">11<\/a><a href=\"https:\/\/www.santafevalores.com\/index.php\/wp-json\/wp\/v2\/pages\/62864\/page\/12\/\" class=\"page-numbers filter-item \" data-page-num=\"12\">12<\/a><a href=\"https:\/\/www.santafevalores.com\/index.php\/wp-json\/wp\/v2\/pages\/62864\/page\/13\/\" class=\"page-numbers filter-item \" data-page-num=\"13\">13<\/a><a href=\"https:\/\/www.santafevalores.com\/index.php\/wp-json\/wp\/v2\/pages\/62864\/page\/14\/\" class=\"page-numbers filter-item \" data-page-num=\"14\">14<\/a><a href=\"https:\/\/www.santafevalores.com\/index.php\/wp-json\/wp\/v2\/pages\/62864\/page\/15\/\" class=\"page-numbers filter-item \" data-page-num=\"15\">15<\/a><a href=\"https:\/\/www.santafevalores.com\/index.php\/wp-json\/wp\/v2\/pages\/62864\/page\/16\/\" class=\"page-numbers filter-item \" data-page-num=\"16\">16<\/a><a href=\"https:\/\/www.santafevalores.com\/index.php\/wp-json\/wp\/v2\/pages\/62864\/page\/17\/\" class=\"page-numbers filter-item \" data-page-num=\"17\">17<\/a><a href=\"https:\/\/www.santafevalores.com\/index.php\/wp-json\/wp\/v2\/pages\/62864\/page\/18\/\" class=\"page-numbers filter-item \" data-page-num=\"18\">18<\/a><a href=\"https:\/\/www.santafevalores.com\/index.php\/wp-json\/wp\/v2\/pages\/62864\/page\/19\/\" class=\"page-numbers filter-item \" data-page-num=\"19\">19<\/a><a href=\"https:\/\/www.santafevalores.com\/index.php\/wp-json\/wp\/v2\/pages\/62864\/page\/20\/\" class=\"page-numbers filter-item \" data-page-num=\"20\">20<\/a><a href=\"https:\/\/www.santafevalores.com\/index.php\/wp-json\/wp\/v2\/pages\/62864\/page\/21\/\" class=\"page-numbers filter-item \" data-page-num=\"21\">21<\/a><a href=\"https:\/\/www.santafevalores.com\/index.php\/wp-json\/wp\/v2\/pages\/62864\/page\/22\/\" class=\"page-numbers filter-item \" data-page-num=\"22\">22<\/a><a href=\"https:\/\/www.santafevalores.com\/index.php\/wp-json\/wp\/v2\/pages\/62864\/page\/23\/\" class=\"page-numbers filter-item \" data-page-num=\"23\">23<\/a><a href=\"https:\/\/www.santafevalores.com\/index.php\/wp-json\/wp\/v2\/pages\/62864\/page\/24\/\" class=\"page-numbers filter-item \" data-page-num=\"24\">24<\/a><a href=\"https:\/\/www.santafevalores.com\/index.php\/wp-json\/wp\/v2\/pages\/62864\/page\/25\/\" class=\"page-numbers filter-item \" data-page-num=\"25\">25<\/a><a href=\"https:\/\/www.santafevalores.com\/index.php\/wp-json\/wp\/v2\/pages\/62864\/page\/26\/\" class=\"page-numbers filter-item \" data-page-num=\"26\">26<\/a><a href=\"https:\/\/www.santafevalores.com\/index.php\/wp-json\/wp\/v2\/pages\/62864\/page\/27\/\" class=\"page-numbers filter-item \" data-page-num=\"27\">27<\/a><a href=\"https:\/\/www.santafevalores.com\/index.php\/wp-json\/wp\/v2\/pages\/62864\/page\/28\/\" class=\"page-numbers filter-item \" data-page-num=\"28\">28<\/a><\/div><a href=\"https:\/\/www.santafevalores.com\/index.php\/wp-json\/wp\/v2\/pages\/62864\/page\/29\/\" class=\"page-numbers filter-item \" data-page-num=\"29\">29<\/a><a href=\"https:\/\/www.santafevalores.com\/index.php\/wp-json\/wp\/v2\/pages\/62864\/page\/2\/\" class=\"page-numbers nav-next filter-item\" data-page-num=\"2\" >\u2192<\/a><\/div><\/div>\t\t\t\t<\/div>\n\t\t\t\t<\/div>\n\t\t\t\t\t<\/div>\n\t\t<\/div>\n\t\t\t\t\t<\/div>\n\t\t<\/section>\n\t\t\t\t<\/div>\n\t\t","protected":false},"excerpt":{"rendered":"<p>La inflaci\u00f3n en EE.UU. aumenta al mayor ritmo desde 1981, empujada por el precio r\u00e9cord de la gasolina 10 junio, 2022 (CNN) \u2014 El dolor de los precios m\u00e1s altos contin\u00faa para los consumidores estadounidenses, y la inflaci\u00f3n no se detiene. Los precios r\u00e9cord de la gasolina llevaron la inflaci\u00f3n al\u2026 Leer m\u00e1s BRIKAPITAL S.A.&hellip;<\/p>\n","protected":false},"author":1,"featured_media":0,"parent":0,"menu_order":0,"comment_status":"closed","ping_status":"closed","template":"","meta":{"content-type":"","_joinchat":[],"footnotes":""},"class_list":["post-62864","page","type-page","status-publish","hentry"],"yoast_head":"<!-- This site is optimized with the Yoast SEO plugin v27.6 - https:\/\/yoast.com\/product\/yoast-seo-wordpress\/ -->\n<title>BLOG - Santa Fe Casa de Valores S.A.<\/title>\n<meta name=\"robots\" content=\"index, follow, max-snippet:-1, max-image-preview:large, max-video-preview:-1\" \/>\n<link rel=\"canonical\" href=\"https:\/\/www.santafevalores.com\/index.php\/blog-2\/\" \/>\n<meta property=\"og:locale\" content=\"es_ES\" \/>\n<meta property=\"og:type\" content=\"article\" \/>\n<meta property=\"og:title\" content=\"BLOG - Santa Fe Casa de Valores S.A.\" \/>\n<meta property=\"og:description\" content=\"La inflaci\u00f3n en EE.UU. aumenta al mayor ritmo desde 1981, empujada por el precio r\u00e9cord de la gasolina 10 junio, 2022 (CNN) \u2014 El dolor de los precios m\u00e1s altos contin\u00faa para los consumidores estadounidenses, y la inflaci\u00f3n no se detiene. Los precios r\u00e9cord de la gasolina llevaron la inflaci\u00f3n al\u2026 Leer m\u00e1s BRIKAPITAL S.A.&hellip;\" \/>\n<meta property=\"og:url\" content=\"https:\/\/www.santafevalores.com\/index.php\/blog-2\/\" \/>\n<meta property=\"og:site_name\" content=\"Santa Fe Casa de Valores S.A.\" \/>\n<meta property=\"article:publisher\" content=\"https:\/\/www.facebook.com\/santafevalores\/\" \/>\n<meta name=\"twitter:card\" content=\"summary_large_image\" \/>\n<meta name=\"twitter:site\" content=\"@SantaFeValores\" \/>\n<meta name=\"twitter:label1\" content=\"Tiempo de lectura\" \/>\n\t<meta name=\"twitter:data1\" content=\"2 minutos\" \/>\n<script type=\"application\/ld+json\" class=\"yoast-schema-graph\">{\"@context\":\"https:\\\/\\\/schema.org\",\"@graph\":[{\"@type\":\"WebPage\",\"@id\":\"https:\\\/\\\/www.santafevalores.com\\\/index.php\\\/blog-2\\\/\",\"url\":\"https:\\\/\\\/www.santafevalores.com\\\/index.php\\\/blog-2\\\/\",\"name\":\"BLOG - Santa Fe Casa de Valores S.A.\",\"isPartOf\":{\"@id\":\"https:\\\/\\\/www.santafevalores.com\\\/#website\"},\"datePublished\":\"2022-05-04T20:35:15+00:00\",\"breadcrumb\":{\"@id\":\"https:\\\/\\\/www.santafevalores.com\\\/index.php\\\/blog-2\\\/#breadcrumb\"},\"inLanguage\":\"es\",\"potentialAction\":[{\"@type\":\"ReadAction\",\"target\":[\"https:\\\/\\\/www.santafevalores.com\\\/index.php\\\/blog-2\\\/\"]}]},{\"@type\":\"BreadcrumbList\",\"@id\":\"https:\\\/\\\/www.santafevalores.com\\\/index.php\\\/blog-2\\\/#breadcrumb\",\"itemListElement\":[{\"@type\":\"ListItem\",\"position\":1,\"name\":\"Portada\",\"item\":\"https:\\\/\\\/www.santafevalores.com\\\/\"},{\"@type\":\"ListItem\",\"position\":2,\"name\":\"BLOG\"}]},{\"@type\":\"WebSite\",\"@id\":\"https:\\\/\\\/www.santafevalores.com\\\/#website\",\"url\":\"https:\\\/\\\/www.santafevalores.com\\\/\",\"name\":\"Santa Fe Casa de Valores S.A.\",\"description\":\"\",\"publisher\":{\"@id\":\"https:\\\/\\\/www.santafevalores.com\\\/#organization\"},\"potentialAction\":[{\"@type\":\"SearchAction\",\"target\":{\"@type\":\"EntryPoint\",\"urlTemplate\":\"https:\\\/\\\/www.santafevalores.com\\\/?s={search_term_string}\"},\"query-input\":{\"@type\":\"PropertyValueSpecification\",\"valueRequired\":true,\"valueName\":\"search_term_string\"}}],\"inLanguage\":\"es\"},{\"@type\":\"Organization\",\"@id\":\"https:\\\/\\\/www.santafevalores.com\\\/#organization\",\"name\":\"Santa Fe Casa de Valores S.A.\",\"alternateName\":\"SANTAFEVALORES\",\"url\":\"https:\\\/\\\/www.santafevalores.com\\\/\",\"logo\":{\"@type\":\"ImageObject\",\"inLanguage\":\"es\",\"@id\":\"https:\\\/\\\/www.santafevalores.com\\\/#\\\/schema\\\/logo\\\/image\\\/\",\"url\":\"https:\\\/\\\/www.santafevalores.com\\\/wp-content\\\/uploads\\\/2022\\\/06\\\/logo1.png\",\"contentUrl\":\"https:\\\/\\\/www.santafevalores.com\\\/wp-content\\\/uploads\\\/2022\\\/06\\\/logo1.png\",\"width\":235,\"height\":71,\"caption\":\"Santa Fe Casa de Valores S.A.\"},\"image\":{\"@id\":\"https:\\\/\\\/www.santafevalores.com\\\/#\\\/schema\\\/logo\\\/image\\\/\"},\"sameAs\":[\"https:\\\/\\\/www.facebook.com\\\/santafevalores\\\/\",\"https:\\\/\\\/x.com\\\/SantaFeValores\"]}]}<\/script>\n<!-- \/ Yoast SEO plugin. -->","yoast_head_json":{"title":"BLOG - Santa Fe Casa de Valores S.A.","robots":{"index":"index","follow":"follow","max-snippet":"max-snippet:-1","max-image-preview":"max-image-preview:large","max-video-preview":"max-video-preview:-1"},"canonical":"https:\/\/www.santafevalores.com\/index.php\/blog-2\/","og_locale":"es_ES","og_type":"article","og_title":"BLOG - Santa Fe Casa de Valores S.A.","og_description":"La inflaci\u00f3n en EE.UU. aumenta al mayor ritmo desde 1981, empujada por el precio r\u00e9cord de la gasolina 10 junio, 2022 (CNN) \u2014 El dolor de los precios m\u00e1s altos contin\u00faa para los consumidores estadounidenses, y la inflaci\u00f3n no se detiene. Los precios r\u00e9cord de la gasolina llevaron la inflaci\u00f3n al\u2026 Leer m\u00e1s BRIKAPITAL S.A.&hellip;","og_url":"https:\/\/www.santafevalores.com\/index.php\/blog-2\/","og_site_name":"Santa Fe Casa de Valores S.A.","article_publisher":"https:\/\/www.facebook.com\/santafevalores\/","twitter_card":"summary_large_image","twitter_site":"@SantaFeValores","twitter_misc":{"Tiempo de lectura":"2 minutos"},"schema":{"@context":"https:\/\/schema.org","@graph":[{"@type":"WebPage","@id":"https:\/\/www.santafevalores.com\/index.php\/blog-2\/","url":"https:\/\/www.santafevalores.com\/index.php\/blog-2\/","name":"BLOG - Santa Fe Casa de Valores S.A.","isPartOf":{"@id":"https:\/\/www.santafevalores.com\/#website"},"datePublished":"2022-05-04T20:35:15+00:00","breadcrumb":{"@id":"https:\/\/www.santafevalores.com\/index.php\/blog-2\/#breadcrumb"},"inLanguage":"es","potentialAction":[{"@type":"ReadAction","target":["https:\/\/www.santafevalores.com\/index.php\/blog-2\/"]}]},{"@type":"BreadcrumbList","@id":"https:\/\/www.santafevalores.com\/index.php\/blog-2\/#breadcrumb","itemListElement":[{"@type":"ListItem","position":1,"name":"Portada","item":"https:\/\/www.santafevalores.com\/"},{"@type":"ListItem","position":2,"name":"BLOG"}]},{"@type":"WebSite","@id":"https:\/\/www.santafevalores.com\/#website","url":"https:\/\/www.santafevalores.com\/","name":"Santa Fe Casa de Valores S.A.","description":"","publisher":{"@id":"https:\/\/www.santafevalores.com\/#organization"},"potentialAction":[{"@type":"SearchAction","target":{"@type":"EntryPoint","urlTemplate":"https:\/\/www.santafevalores.com\/?s={search_term_string}"},"query-input":{"@type":"PropertyValueSpecification","valueRequired":true,"valueName":"search_term_string"}}],"inLanguage":"es"},{"@type":"Organization","@id":"https:\/\/www.santafevalores.com\/#organization","name":"Santa Fe Casa de Valores S.A.","alternateName":"SANTAFEVALORES","url":"https:\/\/www.santafevalores.com\/","logo":{"@type":"ImageObject","inLanguage":"es","@id":"https:\/\/www.santafevalores.com\/#\/schema\/logo\/image\/","url":"https:\/\/www.santafevalores.com\/wp-content\/uploads\/2022\/06\/logo1.png","contentUrl":"https:\/\/www.santafevalores.com\/wp-content\/uploads\/2022\/06\/logo1.png","width":235,"height":71,"caption":"Santa Fe Casa de Valores S.A."},"image":{"@id":"https:\/\/www.santafevalores.com\/#\/schema\/logo\/image\/"},"sameAs":["https:\/\/www.facebook.com\/santafevalores\/","https:\/\/x.com\/SantaFeValores"]}]}},"_links":{"self":[{"href":"https:\/\/www.santafevalores.com\/index.php\/wp-json\/wp\/v2\/pages\/62864","targetHints":{"allow":["GET"]}}],"collection":[{"href":"https:\/\/www.santafevalores.com\/index.php\/wp-json\/wp\/v2\/pages"}],"about":[{"href":"https:\/\/www.santafevalores.com\/index.php\/wp-json\/wp\/v2\/types\/page"}],"author":[{"embeddable":true,"href":"https:\/\/www.santafevalores.com\/index.php\/wp-json\/wp\/v2\/users\/1"}],"replies":[{"embeddable":true,"href":"https:\/\/www.santafevalores.com\/index.php\/wp-json\/wp\/v2\/comments?post=62864"}],"version-history":[{"count":0,"href":"https:\/\/www.santafevalores.com\/index.php\/wp-json\/wp\/v2\/pages\/62864\/revisions"}],"wp:attachment":[{"href":"https:\/\/www.santafevalores.com\/index.php\/wp-json\/wp\/v2\/media?parent=62864"}],"curies":[{"name":"wp","href":"https:\/\/api.w.org\/{rel}","templated":true}]}}