{"id":64019,"date":"2022-06-16T19:41:34","date_gmt":"2022-06-16T19:41:34","guid":{"rendered":"https:\/\/santafevalores.com\/?page_id=64019"},"modified":"2023-10-06T10:35:19","modified_gmt":"2023-10-06T15:35:19","slug":"informacion-sobre-el-tratamiento-de-los-datos-personales","status":"publish","type":"page","link":"https:\/\/www.santafevalores.com\/index.php\/informacion-sobre-el-tratamiento-de-los-datos-personales\/","title":{"rendered":"Informaci\u00f3n Sobre el Tratamiento de los Datos Personales"},"content":{"rendered":"\t\t<div data-elementor-type=\"wp-page\" data-elementor-id=\"64019\" class=\"elementor elementor-64019\" data-elementor-post-type=\"page\">\n\t\t\t\t\t\t<section class=\"elementor-section elementor-top-section elementor-element elementor-element-6998273 elementor-section-boxed elementor-section-height-default elementor-section-height-default\" data-id=\"6998273\" data-element_type=\"section\" data-e-type=\"section\">\n\t\t\t\t\t\t<div class=\"elementor-container elementor-column-gap-default\">\n\t\t\t\t\t<div class=\"elementor-column elementor-col-100 elementor-top-column elementor-element elementor-element-e08ea93\" data-id=\"e08ea93\" data-element_type=\"column\" data-e-type=\"column\">\n\t\t\t<div class=\"elementor-widget-wrap elementor-element-populated\">\n\t\t\t\t\t\t<div class=\"elementor-element elementor-element-6037511 elementor-widget elementor-widget-heading\" data-id=\"6037511\" data-element_type=\"widget\" data-e-type=\"widget\" data-widget_type=\"heading.default\">\n\t\t\t\t<div class=\"elementor-widget-container\">\n\t\t\t\t\t<h2 class=\"elementor-heading-title elementor-size-default\">POL\u00cdTICA DE PROTECCI\u00d3N Y TRATAMIENTO DE DATOS PERSONALES EN SANTA FE CASA DE VALORES S.A.<\/h2>\t\t\t\t<\/div>\n\t\t\t\t<\/div>\n\t\t\t\t<div class=\"elementor-element elementor-element-04ba246 elementor-widget-divider--view-line elementor-widget elementor-widget-divider\" data-id=\"04ba246\" data-element_type=\"widget\" data-e-type=\"widget\" data-widget_type=\"divider.default\">\n\t\t\t\t<div class=\"elementor-widget-container\">\n\t\t\t\t\t\t\t<div class=\"elementor-divider\">\n\t\t\t<span class=\"elementor-divider-separator\">\n\t\t\t\t\t\t<\/span>\n\t\t<\/div>\n\t\t\t\t\t\t<\/div>\n\t\t\t\t<\/div>\n\t\t\t\t\t<\/div>\n\t\t<\/div>\n\t\t\t\t\t<\/div>\n\t\t<\/section>\n\t\t\t\t<section class=\"elementor-section elementor-top-section elementor-element elementor-element-10beb53 elementor-section-boxed elementor-section-height-default elementor-section-height-default\" data-id=\"10beb53\" data-element_type=\"section\" data-e-type=\"section\">\n\t\t\t\t\t\t<div class=\"elementor-container elementor-column-gap-default\">\n\t\t\t\t\t<div class=\"elementor-column elementor-col-100 elementor-top-column elementor-element elementor-element-c2f7bdb\" data-id=\"c2f7bdb\" data-element_type=\"column\" data-e-type=\"column\">\n\t\t\t<div class=\"elementor-widget-wrap elementor-element-populated\">\n\t\t\t\t\t\t<div class=\"elementor-element elementor-element-11d4bd4 elementor-view-default elementor-widget elementor-widget-icon\" data-id=\"11d4bd4\" data-element_type=\"widget\" data-e-type=\"widget\" data-widget_type=\"icon.default\">\n\t\t\t\t<div class=\"elementor-widget-container\">\n\t\t\t\t\t\t\t<div class=\"elementor-icon-wrapper\">\n\t\t\t<div class=\"elementor-icon\">\n\t\t\t<i aria-hidden=\"true\" class=\"fas fa-database\"><\/i>\t\t\t<\/div>\n\t\t<\/div>\n\t\t\t\t\t\t<\/div>\n\t\t\t\t<\/div>\n\t\t\t\t\t<\/div>\n\t\t<\/div>\n\t\t\t\t\t<\/div>\n\t\t<\/section>\n\t\t\t\t<section class=\"elementor-section elementor-top-section elementor-element elementor-element-c12bca7 elementor-section-boxed elementor-section-height-default elementor-section-height-default\" data-id=\"c12bca7\" data-element_type=\"section\" data-e-type=\"section\">\n\t\t\t\t\t\t<div class=\"elementor-container elementor-column-gap-default\">\n\t\t\t\t\t<div class=\"elementor-column elementor-col-100 elementor-top-column elementor-element elementor-element-8ca7c43\" data-id=\"8ca7c43\" data-element_type=\"column\" data-e-type=\"column\">\n\t\t\t<div class=\"elementor-widget-wrap elementor-element-populated\">\n\t\t\t\t\t\t<div class=\"elementor-element elementor-element-858f642 elementor-widget elementor-widget-text-editor\" data-id=\"858f642\" data-element_type=\"widget\" data-e-type=\"widget\" data-widget_type=\"text-editor.default\">\n\t\t\t\t<div class=\"elementor-widget-container\">\n\t\t\t\t\t\t\t\t\t<ol><li><strong>Recolecci\u00f3n, finalidad y tratamientos de datos<\/strong><\/li><\/ol><p>Con el objeto de dar cumplimiento con lo dispuesto en la Ley Org\u00e1nica de Protecci\u00f3n de Datos Personales, Ley de Mercado de Valores, Ley de Prevenci\u00f3n, Detecci\u00f3n y Erradicaci\u00f3n del Delito de Lavado de Activos y del Financiamiento de Delitos y otras normas conexas, SANTA FE CASA DE VALORES S.A. recopilar\u00e1 la informaci\u00f3n de nuestros empleados, directores, accionistas, proveedores, corresponsales, comitentes y otros clientes, sean personas naturales y\/o jur\u00eddicas, sus datos personales que nos proporcionan directamente de manera libre, voluntaria, previa, expl\u00edcita, informada e inequ\u00edvoca mediante su participaci\u00f3n f\u00edsica o a trav\u00e9s medios digitales, como tambi\u00e9n la obtenida de otras fuentes legales de informaci\u00f3n autorizados para operar en el mercado de valores. Se har\u00e1 conocer el fin y uso de sus datos personales a los titulares de dichos datos y se contar\u00e1 con el consentimiento de ellos para el tratamiento de su informaci\u00f3n personal.<\/p><p><strong>2. Privacidad<\/strong><\/p><p>Los datos personales recibidos y procesados en SANTA FE CASA DE VALORES S.A., son de car\u00e1cter confidencial y se sujetan al sigilo burs\u00e1til y son archivados en expedientes individuales tanto f\u00edsicos como digitales y son accesibles exclusivamente a los funcionarios autorizados de su manejo y administraci\u00f3n. La transferencia de estos datos ser\u00e1\u00a0 \u00fanicamente para uso interno de la Instituci\u00f3n o para reporte a la Autoridad Competente de conformidad con la normativa aplicable para las casas de valores del Ecuador.<\/p><p>SANTA FE CASA DE VALORES S. A. mantienen firmado Convenios de Confidencialidad, Tratamiento de Datos y Anticorrupci\u00f3n con sus Empleados, Directores y Accionistas para velar por la integridad de los datos personales recibidos para la celebraci\u00f3n pre-contractual, contractual y pos-contractual, comerciales, de atenci\u00f3n al cliente, mercadeo y mandato, procesamiento, an\u00e1lisis, investigaci\u00f3n, estad\u00edsticas, referencias y dem\u00e1s tr\u00e1mites para facilitar, promover, permitir o mantener las relaciones con SANTAFEVALORES.\u00a0<\/p><p><strong>3. Almacenamiento<\/strong><\/p><p>Los datos personales del titular ser\u00e1n almacenados de manera f\u00edsica y digital y podr\u00e1 ser consultada por los funcionarios de SANTA FE CASA DE VALORES S.A., quienes est\u00e1n obligados a cumplir con la legislaci\u00f3n aplicable a las pol\u00edticas de confidencialidad, protecci\u00f3n de datos y sigilo burs\u00e1til. Esta informaci\u00f3n personal ser\u00e1 conservada al menos durante el tiempo que dure la relaci\u00f3n comercial y el que sea necesario para cumplir con la normativa respectiva del sector de mercado de valores relacionada con la conservaci\u00f3n de archivos.<\/p><p><strong>4. Derechos de los Titulares<\/strong><\/p><p>La LEY ORG\u00c1NICA DE PROTECCI\u00d3N DE DATOS PERSONALES DEL ECUADOR concede a los titulares \u00a0la posibilidad de ejercer una serie de derechos relacionados con el tratamiento de sus datos personales. Por lo tanto, en cuanto los datos del usuario son objeto de tratamiento por parte de SANTA FE CASA DE VALORES S.A. Los usuarios podr\u00e1n ejercer los derechos de acceso, rectificaci\u00f3n, cancelaci\u00f3n y oposici\u00f3n de acuerdo con lo previsto en la normativa legal vigente en materia de protecci\u00f3n de datos personales.<\/p><p>Para hacer uso del ejercicio de estos derechos, el titular podr\u00e1 dirigirse mediante comunicaci\u00f3n escrita, aportando documentaci\u00f3n que acredite su identidad (NUI \u00a0o pasaporte) de cualquiera de las siguientes formas:<\/p><ul><li style=\"list-style-type: none;\"><ul><li>Mediante correo electr\u00f3nico: <a href=\"mailto:datospersonales@santafevalores.com\">datospersonales@santafevalores.com<\/a><\/li><li>Mediante llamada telef\u00f3nica al n\u00famero 023814800 extensi\u00f3n 4110.<\/li><li>Mediante entrega del comunicado escrito en cualquiera de nuestras oficinas de SANTA FE CASA DE VALORES S.A., ubicadas en:<ul><li>Quito: Naciones Unidas E2-30 y N\u00fa\u00f1ez de Vela, Edificio METROPOLITAN, 5to piso. Of. \u00a0504.<\/li><li>Guayaquil: Joaqu\u00edn Orrantia y Av. Juan Tanca Marengo, Edificio 100 BUSINESS PLAZA, 5to piso. Of. 501.<\/li><\/ul><\/li><\/ul><\/li><\/ul><p>Dicha comunicaci\u00f3n deber\u00e1 reflejar la siguiente informaci\u00f3n: Nombres y apellidos del titular, la petici\u00f3n de solicitud, el domicilio y los datos relacionados motivo de su pedido.<\/p><p>El ejercicio de derechos deber\u00e1 ser realizado por el propio titular.<\/p><p>En caso de personas jur\u00eddicas, dicha comunicaci\u00f3n podr\u00e1 ser ejecutada por el Representante Legal o una persona autorizada de la empresa o instituci\u00f3n. En tal caso, se deber\u00e1 aportar la documentaci\u00f3n que acredite esta representaci\u00f3n.<\/p><p><strong>5. Seguridad\u00a0<\/strong><\/p><p>SANTA FE CASA DE VALORES S.A. mantiene pol\u00edticas y procedimientos de seguridad y buenas pr\u00e1cticas de TI que aseguran la confidencialidad y continuidad de la operaci\u00f3n empresarial de la Empresa.<\/p><p>Para proteger los datos personales y transaccionales de SANTA FE CASA DE VALORES S.A. se mantiene normas de seguridad para la visualizaci\u00f3n y acceso a la informaci\u00f3n, previniendo accesos no autorizados, modificaci\u00f3n, destrucci\u00f3n, utilizaci\u00f3n, reproducci\u00f3n o p\u00e9rdida de la informaci\u00f3n.<\/p><p>SANTAFEVALORES mantiene sistemas distribuidos que cuentan con diferentes niveles de acceso, encriptaci\u00f3n de la informaci\u00f3n de datos personales y transaccionales que brindan seguridad en sus aplicaciones.<\/p><p>Para la informaci\u00f3n procesada y almacenada en las Bases de Datos de los sistemas de SANTAFEVALORES S.A. es de responsabilidad del Delegado de la Protecci\u00f3n\u00a0 de datos Personales.<\/p><p><strong>6. Procedimiento para el Tratamiento de Datos Personales<\/strong><\/p><p>Se solicitar\u00e1 al Titular Comitente:<\/p><ul><li style=\"list-style-type: none;\"><ul><li>C\u00e9dula de Identidad del titular y su c\u00f3nyuge<\/li><li>Comprobante de Votaci\u00f3n del titular y su c\u00f3nyuge<\/li><li>Certificado Bancario<\/li><li>Planilla de Servicio B\u00e1sico que identifique la direcci\u00f3n del titular.<\/li><li>Formulario de Conozca a su Cliente<\/li><li>Perfil del Inversionista<\/li><li>Formulario de Apertura de Cuentas (DECEVALE) y de Subcuentas de Valor (DCV-BCE).<\/li><\/ul><\/li><\/ul><p>\u00a0<\/p><p>Se solicitar\u00e1 al Titular Proveedor:<\/p><ul><li style=\"list-style-type: none;\"><ul><li>C\u00e9dula de Identidad del titular y su c\u00f3nyuge o RUC<\/li><li>Comprobante de Votaci\u00f3n del titular y su c\u00f3nyuge<\/li><li>Nombramiento Representante Legal<\/li><li>Certificado Bancario<\/li><li>Planilla de Servicio B\u00e1sico que identifique la direcci\u00f3n del titular.<\/li><li>Formulario de Conozca a su Proveedor<\/li><li>Perfil del Inversionista<\/li><li>Formulario de Apertura de Cuentas (DECEVALE) y de Subcuentas de Valor (DCV-BCE).<\/li><\/ul><\/li><\/ul><p>\u00a0<\/p><p>Se solicitar\u00e1 al Titular Corresponsal:<\/p><ul><li style=\"list-style-type: none;\"><ul><li>C\u00e9dula de Identidad del titular y su c\u00f3nyuge o RUC<\/li><li>Comprobante de Votaci\u00f3n del titular y su c\u00f3nyuge<\/li><li>Nombramiento Representante Legal<\/li><li>Certificado Bancario<\/li><li>Planilla de Servicio B\u00e1sico que identifique la direcci\u00f3n del titular.<\/li><li>Formulario de Conozca a su Corresponsal<\/li><li>Perfil del Inversionista<\/li><li>Formulario de Apertura de Cuentas (DECEVALE) y de Subcuentas de Valor (DCV-BCE).<\/li><li>Certificado de Existencia Legal y Entidad de Control<\/li><\/ul><\/li><\/ul><p>\u00a0<\/p><p>Se solicitar\u00e1 al Titular Empleado, Director y Accionista:<\/p><ul><li style=\"list-style-type: none;\"><ul><li>C\u00e9dula de Identidad del titular y su c\u00f3nyuge<\/li><li>Comprobante de Votaci\u00f3n del titular y su c\u00f3nyuge<\/li><li>Certificado Bancario<\/li><li>Planilla de Servicio B\u00e1sico que identifique la direcci\u00f3n del titular.<\/li><li>Formulario de Conozca a su Empleado, Director y\/o Accionista<\/li><li>Certificados de Instrucci\u00f3n Formal y estudios superiores.<\/li><li>Certificados Laborales.<\/li><li>Certificados de Nacimiento, matrimonio, identificaci\u00f3n de hijos menores de 18 a\u00f1os y de otras cargas familiares.<\/li><li>Certificados m\u00e9dicos\/discapacidad, etc.<\/li><\/ul><\/li><\/ul>\t\t\t\t\t\t\t\t<\/div>\n\t\t\t\t<\/div>\n\t\t\t\t\t<\/div>\n\t\t<\/div>\n\t\t\t\t\t<\/div>\n\t\t<\/section>\n\t\t\t\t<\/div>\n\t\t","protected":false},"excerpt":{"rendered":"<p>POL\u00cdTICA DE PROTECCI\u00d3N Y TRATAMIENTO DE DATOS PERSONALES EN SANTA FE CASA DE VALORES S.A. Recolecci\u00f3n, finalidad y tratamientos de datos Con el objeto de dar cumplimiento con lo dispuesto en la Ley Org\u00e1nica de Protecci\u00f3n de Datos Personales, Ley de Mercado de Valores, Ley de Prevenci\u00f3n, Detecci\u00f3n y Erradicaci\u00f3n del Delito de Lavado de&hellip;<\/p>\n","protected":false},"author":1,"featured_media":0,"parent":0,"menu_order":0,"comment_status":"closed","ping_status":"closed","template":"","meta":{"content-type":"","_joinchat":[],"footnotes":""},"class_list":["post-64019","page","type-page","status-publish","hentry"],"yoast_head":"<!-- This site is optimized with the Yoast SEO plugin v27.5 - https:\/\/yoast.com\/product\/yoast-seo-wordpress\/ -->\n<title>Informaci\u00f3n Sobre el Tratamiento de los Datos Personales - Santa Fe Casa de Valores S.A.<\/title>\n<meta name=\"robots\" content=\"index, follow, max-snippet:-1, max-image-preview:large, max-video-preview:-1\" \/>\n<link rel=\"canonical\" href=\"https:\/\/www.santafevalores.com\/index.php\/informacion-sobre-el-tratamiento-de-los-datos-personales\/\" \/>\n<meta property=\"og:locale\" content=\"es_ES\" \/>\n<meta property=\"og:type\" content=\"article\" \/>\n<meta property=\"og:title\" content=\"Informaci\u00f3n Sobre el Tratamiento de los Datos Personales - Santa Fe Casa de Valores S.A.\" \/>\n<meta property=\"og:description\" content=\"POL\u00cdTICA DE PROTECCI\u00d3N Y TRATAMIENTO DE DATOS PERSONALES EN SANTA FE CASA DE VALORES S.A. Recolecci\u00f3n, finalidad y tratamientos de datos Con el objeto de dar cumplimiento con lo dispuesto en la Ley Org\u00e1nica de Protecci\u00f3n de Datos Personales, Ley de Mercado de Valores, Ley de Prevenci\u00f3n, Detecci\u00f3n y Erradicaci\u00f3n del Delito de Lavado de&hellip;\" \/>\n<meta property=\"og:url\" content=\"https:\/\/www.santafevalores.com\/index.php\/informacion-sobre-el-tratamiento-de-los-datos-personales\/\" \/>\n<meta property=\"og:site_name\" content=\"Santa Fe Casa de Valores S.A.\" \/>\n<meta property=\"article:publisher\" content=\"https:\/\/www.facebook.com\/santafevalores\/\" \/>\n<meta property=\"article:modified_time\" content=\"2023-10-06T15:35:19+00:00\" \/>\n<meta name=\"twitter:card\" content=\"summary_large_image\" \/>\n<meta name=\"twitter:site\" content=\"@SantaFeValores\" \/>\n<meta name=\"twitter:label1\" content=\"Tiempo de lectura\" \/>\n\t<meta name=\"twitter:data1\" content=\"5 minutos\" \/>\n<script type=\"application\/ld+json\" class=\"yoast-schema-graph\">{\"@context\":\"https:\\\/\\\/schema.org\",\"@graph\":[{\"@type\":\"WebPage\",\"@id\":\"https:\\\/\\\/www.santafevalores.com\\\/index.php\\\/informacion-sobre-el-tratamiento-de-los-datos-personales\\\/\",\"url\":\"https:\\\/\\\/www.santafevalores.com\\\/index.php\\\/informacion-sobre-el-tratamiento-de-los-datos-personales\\\/\",\"name\":\"Informaci\u00f3n Sobre el Tratamiento de los Datos Personales - Santa Fe Casa de Valores S.A.\",\"isPartOf\":{\"@id\":\"https:\\\/\\\/www.santafevalores.com\\\/#website\"},\"datePublished\":\"2022-06-16T19:41:34+00:00\",\"dateModified\":\"2023-10-06T15:35:19+00:00\",\"breadcrumb\":{\"@id\":\"https:\\\/\\\/www.santafevalores.com\\\/index.php\\\/informacion-sobre-el-tratamiento-de-los-datos-personales\\\/#breadcrumb\"},\"inLanguage\":\"es\",\"potentialAction\":[{\"@type\":\"ReadAction\",\"target\":[\"https:\\\/\\\/www.santafevalores.com\\\/index.php\\\/informacion-sobre-el-tratamiento-de-los-datos-personales\\\/\"]}]},{\"@type\":\"BreadcrumbList\",\"@id\":\"https:\\\/\\\/www.santafevalores.com\\\/index.php\\\/informacion-sobre-el-tratamiento-de-los-datos-personales\\\/#breadcrumb\",\"itemListElement\":[{\"@type\":\"ListItem\",\"position\":1,\"name\":\"Portada\",\"item\":\"https:\\\/\\\/www.santafevalores.com\\\/\"},{\"@type\":\"ListItem\",\"position\":2,\"name\":\"Informaci\u00f3n Sobre el Tratamiento de los Datos Personales\"}]},{\"@type\":\"WebSite\",\"@id\":\"https:\\\/\\\/www.santafevalores.com\\\/#website\",\"url\":\"https:\\\/\\\/www.santafevalores.com\\\/\",\"name\":\"Santa Fe Casa de Valores S.A.\",\"description\":\"\",\"publisher\":{\"@id\":\"https:\\\/\\\/www.santafevalores.com\\\/#organization\"},\"potentialAction\":[{\"@type\":\"SearchAction\",\"target\":{\"@type\":\"EntryPoint\",\"urlTemplate\":\"https:\\\/\\\/www.santafevalores.com\\\/?s={search_term_string}\"},\"query-input\":{\"@type\":\"PropertyValueSpecification\",\"valueRequired\":true,\"valueName\":\"search_term_string\"}}],\"inLanguage\":\"es\"},{\"@type\":\"Organization\",\"@id\":\"https:\\\/\\\/www.santafevalores.com\\\/#organization\",\"name\":\"Santa Fe Casa de Valores S.A.\",\"alternateName\":\"SANTAFEVALORES\",\"url\":\"https:\\\/\\\/www.santafevalores.com\\\/\",\"logo\":{\"@type\":\"ImageObject\",\"inLanguage\":\"es\",\"@id\":\"https:\\\/\\\/www.santafevalores.com\\\/#\\\/schema\\\/logo\\\/image\\\/\",\"url\":\"https:\\\/\\\/www.santafevalores.com\\\/wp-content\\\/uploads\\\/2022\\\/06\\\/logo1.png\",\"contentUrl\":\"https:\\\/\\\/www.santafevalores.com\\\/wp-content\\\/uploads\\\/2022\\\/06\\\/logo1.png\",\"width\":235,\"height\":71,\"caption\":\"Santa Fe Casa de Valores S.A.\"},\"image\":{\"@id\":\"https:\\\/\\\/www.santafevalores.com\\\/#\\\/schema\\\/logo\\\/image\\\/\"},\"sameAs\":[\"https:\\\/\\\/www.facebook.com\\\/santafevalores\\\/\",\"https:\\\/\\\/x.com\\\/SantaFeValores\"]}]}<\/script>\n<!-- \/ Yoast SEO plugin. -->","yoast_head_json":{"title":"Informaci\u00f3n Sobre el Tratamiento de los Datos Personales - Santa Fe Casa de Valores S.A.","robots":{"index":"index","follow":"follow","max-snippet":"max-snippet:-1","max-image-preview":"max-image-preview:large","max-video-preview":"max-video-preview:-1"},"canonical":"https:\/\/www.santafevalores.com\/index.php\/informacion-sobre-el-tratamiento-de-los-datos-personales\/","og_locale":"es_ES","og_type":"article","og_title":"Informaci\u00f3n Sobre el Tratamiento de los Datos Personales - Santa Fe Casa de Valores S.A.","og_description":"POL\u00cdTICA DE PROTECCI\u00d3N Y TRATAMIENTO DE DATOS PERSONALES EN SANTA FE CASA DE VALORES S.A. Recolecci\u00f3n, finalidad y tratamientos de datos Con el objeto de dar cumplimiento con lo dispuesto en la Ley Org\u00e1nica de Protecci\u00f3n de Datos Personales, Ley de Mercado de Valores, Ley de Prevenci\u00f3n, Detecci\u00f3n y Erradicaci\u00f3n del Delito de Lavado de&hellip;","og_url":"https:\/\/www.santafevalores.com\/index.php\/informacion-sobre-el-tratamiento-de-los-datos-personales\/","og_site_name":"Santa Fe Casa de Valores S.A.","article_publisher":"https:\/\/www.facebook.com\/santafevalores\/","article_modified_time":"2023-10-06T15:35:19+00:00","twitter_card":"summary_large_image","twitter_site":"@SantaFeValores","twitter_misc":{"Tiempo de lectura":"5 minutos"},"schema":{"@context":"https:\/\/schema.org","@graph":[{"@type":"WebPage","@id":"https:\/\/www.santafevalores.com\/index.php\/informacion-sobre-el-tratamiento-de-los-datos-personales\/","url":"https:\/\/www.santafevalores.com\/index.php\/informacion-sobre-el-tratamiento-de-los-datos-personales\/","name":"Informaci\u00f3n Sobre el Tratamiento de los Datos Personales - Santa Fe Casa de Valores S.A.","isPartOf":{"@id":"https:\/\/www.santafevalores.com\/#website"},"datePublished":"2022-06-16T19:41:34+00:00","dateModified":"2023-10-06T15:35:19+00:00","breadcrumb":{"@id":"https:\/\/www.santafevalores.com\/index.php\/informacion-sobre-el-tratamiento-de-los-datos-personales\/#breadcrumb"},"inLanguage":"es","potentialAction":[{"@type":"ReadAction","target":["https:\/\/www.santafevalores.com\/index.php\/informacion-sobre-el-tratamiento-de-los-datos-personales\/"]}]},{"@type":"BreadcrumbList","@id":"https:\/\/www.santafevalores.com\/index.php\/informacion-sobre-el-tratamiento-de-los-datos-personales\/#breadcrumb","itemListElement":[{"@type":"ListItem","position":1,"name":"Portada","item":"https:\/\/www.santafevalores.com\/"},{"@type":"ListItem","position":2,"name":"Informaci\u00f3n Sobre el Tratamiento de los Datos Personales"}]},{"@type":"WebSite","@id":"https:\/\/www.santafevalores.com\/#website","url":"https:\/\/www.santafevalores.com\/","name":"Santa Fe Casa de Valores S.A.","description":"","publisher":{"@id":"https:\/\/www.santafevalores.com\/#organization"},"potentialAction":[{"@type":"SearchAction","target":{"@type":"EntryPoint","urlTemplate":"https:\/\/www.santafevalores.com\/?s={search_term_string}"},"query-input":{"@type":"PropertyValueSpecification","valueRequired":true,"valueName":"search_term_string"}}],"inLanguage":"es"},{"@type":"Organization","@id":"https:\/\/www.santafevalores.com\/#organization","name":"Santa Fe Casa de Valores S.A.","alternateName":"SANTAFEVALORES","url":"https:\/\/www.santafevalores.com\/","logo":{"@type":"ImageObject","inLanguage":"es","@id":"https:\/\/www.santafevalores.com\/#\/schema\/logo\/image\/","url":"https:\/\/www.santafevalores.com\/wp-content\/uploads\/2022\/06\/logo1.png","contentUrl":"https:\/\/www.santafevalores.com\/wp-content\/uploads\/2022\/06\/logo1.png","width":235,"height":71,"caption":"Santa Fe Casa de Valores S.A."},"image":{"@id":"https:\/\/www.santafevalores.com\/#\/schema\/logo\/image\/"},"sameAs":["https:\/\/www.facebook.com\/santafevalores\/","https:\/\/x.com\/SantaFeValores"]}]}},"_links":{"self":[{"href":"https:\/\/www.santafevalores.com\/index.php\/wp-json\/wp\/v2\/pages\/64019","targetHints":{"allow":["GET"]}}],"collection":[{"href":"https:\/\/www.santafevalores.com\/index.php\/wp-json\/wp\/v2\/pages"}],"about":[{"href":"https:\/\/www.santafevalores.com\/index.php\/wp-json\/wp\/v2\/types\/page"}],"author":[{"embeddable":true,"href":"https:\/\/www.santafevalores.com\/index.php\/wp-json\/wp\/v2\/users\/1"}],"replies":[{"embeddable":true,"href":"https:\/\/www.santafevalores.com\/index.php\/wp-json\/wp\/v2\/comments?post=64019"}],"version-history":[{"count":12,"href":"https:\/\/www.santafevalores.com\/index.php\/wp-json\/wp\/v2\/pages\/64019\/revisions"}],"predecessor-version":[{"id":68563,"href":"https:\/\/www.santafevalores.com\/index.php\/wp-json\/wp\/v2\/pages\/64019\/revisions\/68563"}],"wp:attachment":[{"href":"https:\/\/www.santafevalores.com\/index.php\/wp-json\/wp\/v2\/media?parent=64019"}],"curies":[{"name":"wp","href":"https:\/\/api.w.org\/{rel}","templated":true}]}}