{"id":68489,"date":"2023-10-05T16:52:32","date_gmt":"2023-10-05T21:52:32","guid":{"rendered":"https:\/\/www.santafevalores.com\/?page_id=68489"},"modified":"2023-12-04T17:10:30","modified_gmt":"2023-12-04T22:10:30","slug":"notas-de-credito-desmaterializadas-del-sri","status":"publish","type":"page","link":"https:\/\/www.santafevalores.com\/index.php\/notas-de-credito-desmaterializadas-del-sri\/","title":{"rendered":"Notas de Cr\u00e9dito Desmaterializadas del SRI"},"content":{"rendered":"\t\t<div data-elementor-type=\"wp-page\" data-elementor-id=\"68489\" class=\"elementor elementor-68489\" data-elementor-post-type=\"page\">\n\t\t\t\t\t\t<section class=\"elementor-section elementor-top-section elementor-element elementor-element-3724573 elementor-section-full_width elementor-section-stretched elementor-section-height-default elementor-section-height-default\" data-id=\"3724573\" data-element_type=\"section\" data-e-type=\"section\" data-settings=\"{&quot;background_background&quot;:&quot;classic&quot;,&quot;stretch_section&quot;:&quot;section-stretched&quot;}\">\n\t\t\t\t\t\t<div class=\"elementor-container elementor-column-gap-no\">\n\t\t\t\t\t<div class=\"elementor-column elementor-col-50 elementor-top-column elementor-element elementor-element-407cb8d\" data-id=\"407cb8d\" data-element_type=\"column\" data-e-type=\"column\" data-settings=\"{&quot;background_background&quot;:&quot;classic&quot;}\">\n\t\t\t<div class=\"elementor-widget-wrap elementor-element-populated\">\n\t\t\t\t\t\t<section class=\"elementor-section elementor-inner-section elementor-element elementor-element-219c30a elementor-section-boxed elementor-section-height-default elementor-section-height-default\" data-id=\"219c30a\" data-element_type=\"section\" data-e-type=\"section\" data-settings=\"{&quot;background_background&quot;:&quot;classic&quot;}\">\n\t\t\t\t\t\t<div class=\"elementor-container elementor-column-gap-wider\">\n\t\t\t\t\t<div class=\"elementor-column elementor-col-100 elementor-inner-column elementor-element elementor-element-4f71525\" data-id=\"4f71525\" data-element_type=\"column\" data-e-type=\"column\">\n\t\t\t<div class=\"elementor-widget-wrap elementor-element-populated\">\n\t\t\t\t\t\t<div class=\"elementor-element elementor-element-7e89756 elementor-widget elementor-widget-image\" data-id=\"7e89756\" data-element_type=\"widget\" data-e-type=\"widget\" data-widget_type=\"image.default\">\n\t\t\t\t<div class=\"elementor-widget-container\">\n\t\t\t\t\t\t\t\t\t\t\t\t\t\t\t<img decoding=\"async\" width=\"300\" height=\"150\" src=\"https:\/\/www.santafevalores.com\/wp-content\/uploads\/2023\/10\/SRI-LOGO-SFV-300x150.png\" class=\"attachment-medium size-medium wp-image-68500\" alt=\"\" srcset=\"https:\/\/www.santafevalores.com\/wp-content\/uploads\/2023\/10\/SRI-LOGO-SFV-300x150.png 300w, https:\/\/www.santafevalores.com\/wp-content\/uploads\/2023\/10\/SRI-LOGO-SFV.png 735w\" sizes=\"(max-width: 300px) 100vw, 300px\" \/>\t\t\t\t\t\t\t\t\t\t\t\t\t\t\t<\/div>\n\t\t\t\t<\/div>\n\t\t\t\t<div class=\"elementor-element elementor-element-2975948 elementor-widget elementor-widget-heading\" data-id=\"2975948\" data-element_type=\"widget\" data-e-type=\"widget\" data-widget_type=\"heading.default\">\n\t\t\t\t<div class=\"elementor-widget-container\">\n\t\t\t\t\t<h2 class=\"elementor-heading-title elementor-size-small\">Notas de Cr\u00e9dito Desmaterializadas Normales y de Salida de Divisas<\/h2>\t\t\t\t<\/div>\n\t\t\t\t<\/div>\n\t\t\t\t<div class=\"elementor-element elementor-element-6706da0 elementor-widget-divider--view-line elementor-widget elementor-widget-divider\" data-id=\"6706da0\" data-element_type=\"widget\" data-e-type=\"widget\" data-widget_type=\"divider.default\">\n\t\t\t\t<div class=\"elementor-widget-container\">\n\t\t\t\t\t\t\t<div class=\"elementor-divider\">\n\t\t\t<span class=\"elementor-divider-separator\">\n\t\t\t\t\t\t<\/span>\n\t\t<\/div>\n\t\t\t\t\t\t<\/div>\n\t\t\t\t<\/div>\n\t\t\t\t\t<\/div>\n\t\t<\/div>\n\t\t\t\t\t<\/div>\n\t\t<\/section>\n\t\t\t\t<section class=\"elementor-section elementor-inner-section elementor-element elementor-element-4235ac3 elementor-section-full_width elementor-section-height-default elementor-section-height-default\" data-id=\"4235ac3\" data-element_type=\"section\" data-e-type=\"section\">\n\t\t\t\t\t\t<div class=\"elementor-container elementor-column-gap-default\">\n\t\t\t\t\t<div class=\"elementor-column elementor-col-50 elementor-inner-column elementor-element elementor-element-933385e\" data-id=\"933385e\" data-element_type=\"column\" data-e-type=\"column\">\n\t\t\t<div class=\"elementor-widget-wrap elementor-element-populated\">\n\t\t\t\t\t\t\t<\/div>\n\t\t<\/div>\n\t\t\t\t<div class=\"elementor-column elementor-col-50 elementor-inner-column elementor-element elementor-element-2886091\" data-id=\"2886091\" data-element_type=\"column\" data-e-type=\"column\">\n\t\t\t<div class=\"elementor-widget-wrap elementor-element-populated\">\n\t\t\t\t\t\t<div class=\"elementor-element elementor-element-3f65324 elementor-invisible elementor-widget elementor-widget-text-editor\" data-id=\"3f65324\" data-element_type=\"widget\" data-e-type=\"widget\" data-settings=\"{&quot;_animation&quot;:&quot;fadeInRight&quot;}\" data-widget_type=\"text-editor.default\">\n\t\t\t\t<div class=\"elementor-widget-container\">\n\t\t\t\t\t\t\t\t\t<p>\u00a0<\/p><p>La negociaci\u00f3n de Notas de Cr\u00e9dito Desmaterializadas a trav\u00e9s de la Bolsa de Valores presenta ventajas significativas tanto para los compradores como para los vendedores. <b>Para los compradores<\/b>, esta pr\u00e1ctica ofrece la posibilidad de <b>REDUCIR EL MONTO DE IMPUESTOS A PAGAR EN EL FUTURO<\/b>. Al adquirir Notas de Cr\u00e9dito, pueden utilizar este cr\u00e9dito tributario para compensar sus obligaciones fiscales pendientes, lo que se traduce en un menor desembolso de efectivo en el pr\u00f3ximo pago de impuestos. Adem\u00e1s, esta estrategia puede contribuir a una gesti\u00f3n fiscal m\u00e1s eficiente y ahorros financieros sustanciales.<\/p><p>\u00a0<\/p>\t\t\t\t\t\t\t\t<\/div>\n\t\t\t\t<\/div>\n\t\t\t\t\t<\/div>\n\t\t<\/div>\n\t\t\t\t\t<\/div>\n\t\t<\/section>\n\t\t\t\t<section class=\"elementor-section elementor-inner-section elementor-element elementor-element-a8648e2 elementor-section-full_width elementor-section-content-bottom elementor-section-height-default elementor-section-height-default\" data-id=\"a8648e2\" data-element_type=\"section\" data-e-type=\"section\">\n\t\t\t\t\t\t<div class=\"elementor-container elementor-column-gap-default\">\n\t\t\t\t\t<div class=\"elementor-column elementor-col-50 elementor-inner-column elementor-element elementor-element-25183c1\" data-id=\"25183c1\" data-element_type=\"column\" data-e-type=\"column\">\n\t\t\t<div class=\"elementor-widget-wrap elementor-element-populated\">\n\t\t\t\t\t\t\t<\/div>\n\t\t<\/div>\n\t\t\t\t<div class=\"elementor-column elementor-col-50 elementor-inner-column elementor-element elementor-element-f84c6e8\" data-id=\"f84c6e8\" data-element_type=\"column\" data-e-type=\"column\">\n\t\t\t<div class=\"elementor-widget-wrap elementor-element-populated\">\n\t\t\t\t\t\t<div class=\"elementor-element elementor-element-6371fc0 elementor-invisible elementor-widget elementor-widget-text-editor\" data-id=\"6371fc0\" data-element_type=\"widget\" data-e-type=\"widget\" data-settings=\"{&quot;_animation&quot;:&quot;fadeInRight&quot;}\" data-widget_type=\"text-editor.default\">\n\t\t\t\t<div class=\"elementor-widget-container\">\n\t\t\t\t\t\t\t\t\t<p>Por otro lado, <b>para los vendedores<\/b> de Notas de Cr\u00e9dito, el mercado y la asesor\u00eda profesional de Santa Fe Casa de Valores generan una ventaja crucial: <b>LA DISPONIBILIDAD INMEDIATA DE LIQUIDEZ<\/b>. En lugar de esperar a que llegue el momento del pr\u00f3ximo pago de impuestos, los vendedores pueden convertir sus cr\u00e9ditos tributarios en fondos en efectivo de manera r\u00e1pida y eficiente. Esto les permite acceder a capital que pueden reinvertir en sus operaciones o proyectos, aprovechando oportunidades de crecimiento sin esperar a plazos fiscales.<\/p>\n<p>En resumen, la negociaci\u00f3n de Notas de Cr\u00e9dito a trav\u00e9s de la Bolsa de Valores ofrece beneficios tangibles tanto para compradores como para vendedores, optimizando la gesti\u00f3n financiera y proporcionando una valiosa herramienta de liquidez.<\/p>\n<p>Las Notas de Cr\u00e9dito se emplean en el pago de Impuesto a la Renta (IR), Impuesto al Valor Agregado (IVA) e Impuesto a la Salida de Divisas (ISD).<\/p><p><br><\/p>\n<p><\/p>\t\t\t\t\t\t\t\t<\/div>\n\t\t\t\t<\/div>\n\t\t\t\t\t<\/div>\n\t\t<\/div>\n\t\t\t\t\t<\/div>\n\t\t<\/section>\n\t\t\t\t\t<\/div>\n\t\t<\/div>\n\t\t\t\t<div class=\"elementor-column elementor-col-50 elementor-top-column elementor-element elementor-element-dce7e29\" data-id=\"dce7e29\" data-element_type=\"column\" data-e-type=\"column\" data-settings=\"{&quot;background_background&quot;:&quot;classic&quot;}\">\n\t\t\t<div class=\"elementor-widget-wrap elementor-element-populated\">\n\t\t\t\t\t\t<div class=\"elementor-element elementor-element-2013d5f elementor-widget elementor-widget-spacer\" data-id=\"2013d5f\" data-element_type=\"widget\" data-e-type=\"widget\" data-widget_type=\"spacer.default\">\n\t\t\t\t<div class=\"elementor-widget-container\">\n\t\t\t\t\t\t\t<div class=\"elementor-spacer\">\n\t\t\t<div class=\"elementor-spacer-inner\"><\/div>\n\t\t<\/div>\n\t\t\t\t\t\t<\/div>\n\t\t\t\t<\/div>\n\t\t\t\t\t<\/div>\n\t\t<\/div>\n\t\t\t\t\t<\/div>\n\t\t<\/section>\n\t\t\t\t<section class=\"elementor-section elementor-top-section elementor-element elementor-element-1d24fcc elementor-section-boxed elementor-section-height-default elementor-section-height-default\" data-id=\"1d24fcc\" data-element_type=\"section\" data-e-type=\"section\">\n\t\t\t\t\t\t\t<div class=\"elementor-background-overlay\"><\/div>\n\t\t\t\t\t\t\t<div class=\"elementor-container elementor-column-gap-default\">\n\t\t\t\t\t<div class=\"elementor-column elementor-col-100 elementor-top-column elementor-element elementor-element-e2508e4\" data-id=\"e2508e4\" data-element_type=\"column\" data-e-type=\"column\">\n\t\t\t<div class=\"elementor-widget-wrap elementor-element-populated\">\n\t\t\t\t\t\t<div class=\"elementor-element elementor-element-e191703 elementor-align-center elementor-widget elementor-widget-button\" data-id=\"e191703\" data-element_type=\"widget\" data-e-type=\"widget\" data-widget_type=\"button.default\">\n\t\t\t\t<div class=\"elementor-widget-container\">\n\t\t\t\t\t\t\t\t\t<div class=\"elementor-button-wrapper\">\n\t\t\t\t\t<a class=\"elementor-button elementor-button-link elementor-size-xs\" href=\"https:\/\/wa.me\/message\/OGTRRFRSJ6OPP1\" target=\"_blank\">\n\t\t\t\t\t\t<span class=\"elementor-button-content-wrapper\">\n\t\t\t\t\t\t<span class=\"elementor-button-icon\">\n\t\t\t\t<i aria-hidden=\"true\" class=\" icomoon-the7-font-the7-phone-04\"><\/i>\t\t\t<\/span>\n\t\t\t\t\t\t\t\t\t<span class=\"elementor-button-text\">whatsapp: 0987463394<\/span>\n\t\t\t\t\t<\/span>\n\t\t\t\t\t<\/a>\n\t\t\t\t<\/div>\n\t\t\t\t\t\t\t\t<\/div>\n\t\t\t\t<\/div>\n\t\t\t\t\t<\/div>\n\t\t<\/div>\n\t\t\t\t\t<\/div>\n\t\t<\/section>\n\t\t\t\t<\/div>\n\t\t","protected":false},"excerpt":{"rendered":"<p>Notas de Cr\u00e9dito Desmaterializadas Normales y de Salida de Divisas La negociaci\u00f3n de Notas de Cr\u00e9dito Desmaterializadas a trav\u00e9s de la Bolsa de Valores presenta ventajas significativas tanto para los compradores como para los vendedores. Para los compradores, esta pr\u00e1ctica ofrece la posibilidad de REDUCIR EL MONTO DE IMPUESTOS A PAGAR EN EL FUTURO. Al&hellip;<\/p>\n","protected":false},"author":1,"featured_media":69175,"parent":0,"menu_order":0,"comment_status":"closed","ping_status":"closed","template":"elementor_header_footer","meta":{"content-type":"","_joinchat":[],"footnotes":""},"class_list":["post-68489","page","type-page","status-publish","has-post-thumbnail","hentry"],"yoast_head":"<!-- This site is optimized with the Yoast SEO plugin v27.5 - https:\/\/yoast.com\/product\/yoast-seo-wordpress\/ -->\n<title>Notas de Cr\u00e9dito Desmaterializadas del SRI - Santa Fe Casa de Valores S.A.<\/title>\n<meta name=\"robots\" content=\"index, follow, max-snippet:-1, max-image-preview:large, max-video-preview:-1\" \/>\n<link rel=\"canonical\" href=\"https:\/\/www.santafevalores.com\/index.php\/notas-de-credito-desmaterializadas-del-sri\/\" \/>\n<meta property=\"og:locale\" content=\"es_ES\" \/>\n<meta property=\"og:type\" content=\"article\" \/>\n<meta property=\"og:title\" content=\"Notas de Cr\u00e9dito Desmaterializadas del SRI - Santa Fe Casa de Valores S.A.\" \/>\n<meta property=\"og:description\" content=\"Notas de Cr\u00e9dito Desmaterializadas Normales y de Salida de Divisas La negociaci\u00f3n de Notas de Cr\u00e9dito Desmaterializadas a trav\u00e9s de la Bolsa de Valores presenta ventajas significativas tanto para los compradores como para los vendedores. Para los compradores, esta pr\u00e1ctica ofrece la posibilidad de REDUCIR EL MONTO DE IMPUESTOS A PAGAR EN EL FUTURO. Al&hellip;\" \/>\n<meta property=\"og:url\" content=\"https:\/\/www.santafevalores.com\/index.php\/notas-de-credito-desmaterializadas-del-sri\/\" \/>\n<meta property=\"og:site_name\" content=\"Santa Fe Casa de Valores S.A.\" \/>\n<meta property=\"article:publisher\" content=\"https:\/\/www.facebook.com\/santafevalores\/\" \/>\n<meta property=\"article:modified_time\" content=\"2023-12-04T22:10:30+00:00\" \/>\n<meta property=\"og:image\" content=\"https:\/\/www.santafevalores.com\/wp-content\/uploads\/2023\/12\/SRI.webp\" \/>\n\t<meta property=\"og:image:width\" content=\"1433\" \/>\n\t<meta property=\"og:image:height\" content=\"758\" \/>\n\t<meta property=\"og:image:type\" content=\"image\/webp\" \/>\n<meta name=\"twitter:card\" content=\"summary_large_image\" \/>\n<meta name=\"twitter:image\" content=\"https:\/\/www.santafevalores.com\/wp-content\/uploads\/2023\/12\/SRI.webp\" \/>\n<meta name=\"twitter:site\" content=\"@SantaFeValores\" \/>\n<meta name=\"twitter:label1\" content=\"Tiempo de lectura\" \/>\n\t<meta name=\"twitter:data1\" content=\"2 minutos\" \/>\n<script type=\"application\/ld+json\" class=\"yoast-schema-graph\">{\"@context\":\"https:\\\/\\\/schema.org\",\"@graph\":[{\"@type\":\"WebPage\",\"@id\":\"https:\\\/\\\/www.santafevalores.com\\\/index.php\\\/notas-de-credito-desmaterializadas-del-sri\\\/\",\"url\":\"https:\\\/\\\/www.santafevalores.com\\\/index.php\\\/notas-de-credito-desmaterializadas-del-sri\\\/\",\"name\":\"Notas de Cr\u00e9dito Desmaterializadas del SRI - Santa Fe Casa de Valores S.A.\",\"isPartOf\":{\"@id\":\"https:\\\/\\\/www.santafevalores.com\\\/#website\"},\"primaryImageOfPage\":{\"@id\":\"https:\\\/\\\/www.santafevalores.com\\\/index.php\\\/notas-de-credito-desmaterializadas-del-sri\\\/#primaryimage\"},\"image\":{\"@id\":\"https:\\\/\\\/www.santafevalores.com\\\/index.php\\\/notas-de-credito-desmaterializadas-del-sri\\\/#primaryimage\"},\"thumbnailUrl\":\"https:\\\/\\\/www.santafevalores.com\\\/wp-content\\\/uploads\\\/2023\\\/12\\\/SRI.webp\",\"datePublished\":\"2023-10-05T21:52:32+00:00\",\"dateModified\":\"2023-12-04T22:10:30+00:00\",\"breadcrumb\":{\"@id\":\"https:\\\/\\\/www.santafevalores.com\\\/index.php\\\/notas-de-credito-desmaterializadas-del-sri\\\/#breadcrumb\"},\"inLanguage\":\"es\",\"potentialAction\":[{\"@type\":\"ReadAction\",\"target\":[\"https:\\\/\\\/www.santafevalores.com\\\/index.php\\\/notas-de-credito-desmaterializadas-del-sri\\\/\"]}]},{\"@type\":\"ImageObject\",\"inLanguage\":\"es\",\"@id\":\"https:\\\/\\\/www.santafevalores.com\\\/index.php\\\/notas-de-credito-desmaterializadas-del-sri\\\/#primaryimage\",\"url\":\"https:\\\/\\\/www.santafevalores.com\\\/wp-content\\\/uploads\\\/2023\\\/12\\\/SRI.webp\",\"contentUrl\":\"https:\\\/\\\/www.santafevalores.com\\\/wp-content\\\/uploads\\\/2023\\\/12\\\/SRI.webp\",\"width\":1433,\"height\":758},{\"@type\":\"BreadcrumbList\",\"@id\":\"https:\\\/\\\/www.santafevalores.com\\\/index.php\\\/notas-de-credito-desmaterializadas-del-sri\\\/#breadcrumb\",\"itemListElement\":[{\"@type\":\"ListItem\",\"position\":1,\"name\":\"Portada\",\"item\":\"https:\\\/\\\/www.santafevalores.com\\\/\"},{\"@type\":\"ListItem\",\"position\":2,\"name\":\"Notas de Cr\u00e9dito Desmaterializadas del SRI\"}]},{\"@type\":\"WebSite\",\"@id\":\"https:\\\/\\\/www.santafevalores.com\\\/#website\",\"url\":\"https:\\\/\\\/www.santafevalores.com\\\/\",\"name\":\"Santa Fe Casa de Valores S.A.\",\"description\":\"\",\"publisher\":{\"@id\":\"https:\\\/\\\/www.santafevalores.com\\\/#organization\"},\"potentialAction\":[{\"@type\":\"SearchAction\",\"target\":{\"@type\":\"EntryPoint\",\"urlTemplate\":\"https:\\\/\\\/www.santafevalores.com\\\/?s={search_term_string}\"},\"query-input\":{\"@type\":\"PropertyValueSpecification\",\"valueRequired\":true,\"valueName\":\"search_term_string\"}}],\"inLanguage\":\"es\"},{\"@type\":\"Organization\",\"@id\":\"https:\\\/\\\/www.santafevalores.com\\\/#organization\",\"name\":\"Santa Fe Casa de Valores S.A.\",\"alternateName\":\"SANTAFEVALORES\",\"url\":\"https:\\\/\\\/www.santafevalores.com\\\/\",\"logo\":{\"@type\":\"ImageObject\",\"inLanguage\":\"es\",\"@id\":\"https:\\\/\\\/www.santafevalores.com\\\/#\\\/schema\\\/logo\\\/image\\\/\",\"url\":\"https:\\\/\\\/www.santafevalores.com\\\/wp-content\\\/uploads\\\/2022\\\/06\\\/logo1.png\",\"contentUrl\":\"https:\\\/\\\/www.santafevalores.com\\\/wp-content\\\/uploads\\\/2022\\\/06\\\/logo1.png\",\"width\":235,\"height\":71,\"caption\":\"Santa Fe Casa de Valores S.A.\"},\"image\":{\"@id\":\"https:\\\/\\\/www.santafevalores.com\\\/#\\\/schema\\\/logo\\\/image\\\/\"},\"sameAs\":[\"https:\\\/\\\/www.facebook.com\\\/santafevalores\\\/\",\"https:\\\/\\\/x.com\\\/SantaFeValores\"]}]}<\/script>\n<!-- \/ Yoast SEO plugin. -->","yoast_head_json":{"title":"Notas de Cr\u00e9dito Desmaterializadas del SRI - Santa Fe Casa de Valores S.A.","robots":{"index":"index","follow":"follow","max-snippet":"max-snippet:-1","max-image-preview":"max-image-preview:large","max-video-preview":"max-video-preview:-1"},"canonical":"https:\/\/www.santafevalores.com\/index.php\/notas-de-credito-desmaterializadas-del-sri\/","og_locale":"es_ES","og_type":"article","og_title":"Notas de Cr\u00e9dito Desmaterializadas del SRI - Santa Fe Casa de Valores S.A.","og_description":"Notas de Cr\u00e9dito Desmaterializadas Normales y de Salida de Divisas La negociaci\u00f3n de Notas de Cr\u00e9dito Desmaterializadas a trav\u00e9s de la Bolsa de Valores presenta ventajas significativas tanto para los compradores como para los vendedores. Para los compradores, esta pr\u00e1ctica ofrece la posibilidad de REDUCIR EL MONTO DE IMPUESTOS A PAGAR EN EL FUTURO. Al&hellip;","og_url":"https:\/\/www.santafevalores.com\/index.php\/notas-de-credito-desmaterializadas-del-sri\/","og_site_name":"Santa Fe Casa de Valores S.A.","article_publisher":"https:\/\/www.facebook.com\/santafevalores\/","article_modified_time":"2023-12-04T22:10:30+00:00","og_image":[{"width":1433,"height":758,"url":"https:\/\/www.santafevalores.com\/wp-content\/uploads\/2023\/12\/SRI.webp","type":"image\/webp"}],"twitter_card":"summary_large_image","twitter_image":"https:\/\/www.santafevalores.com\/wp-content\/uploads\/2023\/12\/SRI.webp","twitter_site":"@SantaFeValores","twitter_misc":{"Tiempo de lectura":"2 minutos"},"schema":{"@context":"https:\/\/schema.org","@graph":[{"@type":"WebPage","@id":"https:\/\/www.santafevalores.com\/index.php\/notas-de-credito-desmaterializadas-del-sri\/","url":"https:\/\/www.santafevalores.com\/index.php\/notas-de-credito-desmaterializadas-del-sri\/","name":"Notas de Cr\u00e9dito Desmaterializadas del SRI - Santa Fe Casa de Valores S.A.","isPartOf":{"@id":"https:\/\/www.santafevalores.com\/#website"},"primaryImageOfPage":{"@id":"https:\/\/www.santafevalores.com\/index.php\/notas-de-credito-desmaterializadas-del-sri\/#primaryimage"},"image":{"@id":"https:\/\/www.santafevalores.com\/index.php\/notas-de-credito-desmaterializadas-del-sri\/#primaryimage"},"thumbnailUrl":"https:\/\/www.santafevalores.com\/wp-content\/uploads\/2023\/12\/SRI.webp","datePublished":"2023-10-05T21:52:32+00:00","dateModified":"2023-12-04T22:10:30+00:00","breadcrumb":{"@id":"https:\/\/www.santafevalores.com\/index.php\/notas-de-credito-desmaterializadas-del-sri\/#breadcrumb"},"inLanguage":"es","potentialAction":[{"@type":"ReadAction","target":["https:\/\/www.santafevalores.com\/index.php\/notas-de-credito-desmaterializadas-del-sri\/"]}]},{"@type":"ImageObject","inLanguage":"es","@id":"https:\/\/www.santafevalores.com\/index.php\/notas-de-credito-desmaterializadas-del-sri\/#primaryimage","url":"https:\/\/www.santafevalores.com\/wp-content\/uploads\/2023\/12\/SRI.webp","contentUrl":"https:\/\/www.santafevalores.com\/wp-content\/uploads\/2023\/12\/SRI.webp","width":1433,"height":758},{"@type":"BreadcrumbList","@id":"https:\/\/www.santafevalores.com\/index.php\/notas-de-credito-desmaterializadas-del-sri\/#breadcrumb","itemListElement":[{"@type":"ListItem","position":1,"name":"Portada","item":"https:\/\/www.santafevalores.com\/"},{"@type":"ListItem","position":2,"name":"Notas de Cr\u00e9dito Desmaterializadas del SRI"}]},{"@type":"WebSite","@id":"https:\/\/www.santafevalores.com\/#website","url":"https:\/\/www.santafevalores.com\/","name":"Santa Fe Casa de Valores S.A.","description":"","publisher":{"@id":"https:\/\/www.santafevalores.com\/#organization"},"potentialAction":[{"@type":"SearchAction","target":{"@type":"EntryPoint","urlTemplate":"https:\/\/www.santafevalores.com\/?s={search_term_string}"},"query-input":{"@type":"PropertyValueSpecification","valueRequired":true,"valueName":"search_term_string"}}],"inLanguage":"es"},{"@type":"Organization","@id":"https:\/\/www.santafevalores.com\/#organization","name":"Santa Fe Casa de Valores S.A.","alternateName":"SANTAFEVALORES","url":"https:\/\/www.santafevalores.com\/","logo":{"@type":"ImageObject","inLanguage":"es","@id":"https:\/\/www.santafevalores.com\/#\/schema\/logo\/image\/","url":"https:\/\/www.santafevalores.com\/wp-content\/uploads\/2022\/06\/logo1.png","contentUrl":"https:\/\/www.santafevalores.com\/wp-content\/uploads\/2022\/06\/logo1.png","width":235,"height":71,"caption":"Santa Fe Casa de Valores S.A."},"image":{"@id":"https:\/\/www.santafevalores.com\/#\/schema\/logo\/image\/"},"sameAs":["https:\/\/www.facebook.com\/santafevalores\/","https:\/\/x.com\/SantaFeValores"]}]}},"_links":{"self":[{"href":"https:\/\/www.santafevalores.com\/index.php\/wp-json\/wp\/v2\/pages\/68489","targetHints":{"allow":["GET"]}}],"collection":[{"href":"https:\/\/www.santafevalores.com\/index.php\/wp-json\/wp\/v2\/pages"}],"about":[{"href":"https:\/\/www.santafevalores.com\/index.php\/wp-json\/wp\/v2\/types\/page"}],"author":[{"embeddable":true,"href":"https:\/\/www.santafevalores.com\/index.php\/wp-json\/wp\/v2\/users\/1"}],"replies":[{"embeddable":true,"href":"https:\/\/www.santafevalores.com\/index.php\/wp-json\/wp\/v2\/comments?post=68489"}],"version-history":[{"count":14,"href":"https:\/\/www.santafevalores.com\/index.php\/wp-json\/wp\/v2\/pages\/68489\/revisions"}],"predecessor-version":[{"id":68586,"href":"https:\/\/www.santafevalores.com\/index.php\/wp-json\/wp\/v2\/pages\/68489\/revisions\/68586"}],"wp:featuredmedia":[{"embeddable":true,"href":"https:\/\/www.santafevalores.com\/index.php\/wp-json\/wp\/v2\/media\/69175"}],"wp:attachment":[{"href":"https:\/\/www.santafevalores.com\/index.php\/wp-json\/wp\/v2\/media?parent=68489"}],"curies":[{"name":"wp","href":"https:\/\/api.w.org\/{rel}","templated":true}]}}